{"id":26,"date":"2010-03-06T20:09:25","date_gmt":"2010-03-06T17:09:25","guid":{"rendered":"http:\/\/vegetarisch-rezept.de\/?page_id=26"},"modified":"2026-05-01T01:35:16","modified_gmt":"2026-04-30T22:35:16","slug":"impressum","status":"publish","type":"page","link":"https:\/\/vegetarisch-rezept.de\/impressum\/","title":{"rendered":"Impressum"},"content":{"rendered":"<p><strong>Impressum<\/p>\n<p>Gesetzliche Anbieterkennung:<\/strong><\/p>\n<p><strong>changenow Andr\u00e9 Loibl<br \/>\nBurgstr. 3a<br \/>\n55432 Niederburg<br \/>\nTelefon: (Deutschland) 06744 693 2008<br \/>\nE-Mail:\u00a0<\/strong><strong>info (at) changenow.de<\/strong><strong><br \/>\nUSt-IdNr.: DE204043497<\/strong><\/p>\n<p><strong>Rechtliche Hinweise zur Webseite<\/strong><\/p>\n<p>Alle Texte, Bilder und weiter hier ver\u00f6ffentlichten Informationen unterliegen dem Urheberrecht des Anbieters, soweit nicht Urheberrechte Dritter bestehen. In jedem Fall ist eine Vervielf\u00e4ltigung, Verbreitung oder \u00f6ffentliche Wiedergabe ausschlie\u00dflich im Falle einer widerruflichen und nicht \u00fcbertragbaren Zustimmung des Anbieters gestattet.<\/p>\n<p>F\u00fcr alle mittels Querverweis (Link) verbundenen Webinhalte \u00fcbernimmt der Anbieter keine Verantwortung, da es sich hierbei nicht um eigene Inhalte handelt. Die verlinkten Seiten wurden auf rechtswidrige Inhalte \u00fcberpr\u00fcft, zum Zeitpunkt der Verlinkung waren solche nicht erkennbar. Verantwortlich f\u00fcr den Inhalt der verlinkten Seiten ist deren Betreiber. Der Anbieter hat hierzu keine allgemeine \u00dcberwachungs- und Pr\u00fcfungspflicht. Bei Bekanntwerden einer Rechtsverletzung wird der entsprechende Link jedoch umgehend entfernt.<\/p>\n","protected":false},"excerpt":{"rendered":"<p>Impressum Gesetzliche Anbieterkennung: changenow Andr\u00e9 Loibl Burgstr. 3a 55432 Niederburg Telefon: (Deutschland) 06744 693 2008 E-Mail:\u00a0info (at) changenow.de USt-IdNr.: DE204043497 Rechtliche Hinweise zur Webseite Alle Texte, Bilder und weiter hier ver\u00f6ffentlichten Informationen unterliegen dem Urheberrecht des Anbieters, soweit nicht Urheberrechte Dritter bestehen. In jedem Fall ist eine Vervielf\u00e4ltigung, Verbreitung oder \u00f6ffentliche Wiedergabe ausschlie\u00dflich im Falle &#8230; <a title=\"Impressum\" class=\"read-more\" href=\"https:\/\/vegetarisch-rezept.de\/impressum\/\" aria-label=\"Mehr Informationen \u00fcber Impressum\">Weiterlesen &#8230;<\/a><\/p>\n","protected":false},"author":1,"featured_media":0,"parent":0,"menu_order":0,"comment_status":"closed","ping_status":"closed","template":"","meta":{"wprm-recipe-roundup-name":"","wprm-recipe-roundup-description":"","footnotes":""},"class_list":["post-26","page","type-page","status-publish"],"_links":{"self":[{"href":"https:\/\/vegetarisch-rezept.de\/wp-json\/wp\/v2\/pages\/26","targetHints":{"allow":["GET"]}}],"collection":[{"href":"https:\/\/vegetarisch-rezept.de\/wp-json\/wp\/v2\/pages"}],"about":[{"href":"https:\/\/vegetarisch-rezept.de\/wp-json\/wp\/v2\/types\/page"}],"author":[{"embeddable":true,"href":"https:\/\/vegetarisch-rezept.de\/wp-json\/wp\/v2\/users\/1"}],"replies":[{"embeddable":true,"href":"https:\/\/vegetarisch-rezept.de\/wp-json\/wp\/v2\/comments?post=26"}],"version-history":[{"count":5,"href":"https:\/\/vegetarisch-rezept.de\/wp-json\/wp\/v2\/pages\/26\/revisions"}],"predecessor-version":[{"id":4343,"href":"https:\/\/vegetarisch-rezept.de\/wp-json\/wp\/v2\/pages\/26\/revisions\/4343"}],"wp:attachment":[{"href":"https:\/\/vegetarisch-rezept.de\/wp-json\/wp\/v2\/media?parent=26"}],"curies":[{"name":"wp","href":"https:\/\/api.w.org\/{rel}","templated":true}]}}